{"id":4295,"date":"2023-10-06T00:46:38","date_gmt":"2023-10-06T00:46:38","guid":{"rendered":"https:\/\/lemonshoes.com.co\/?post_type=product&#038;p=4295"},"modified":"2024-10-31T10:19:09","modified_gmt":"2024-10-31T15:19:09","slug":"tenis-sneakers-paris","status":"publish","type":"product","link":"https:\/\/lemonshoes.com.co\/es_co\/product\/tenis-sneakers-paris\/","title":{"rendered":"Tenis sneakers Paris"},"content":{"rendered":"<p>Industria colombiana.<\/p>","protected":false},"excerpt":{"rendered":"<p>Paris es un tenis para dama tipo sneaker elaborado en Textil sint\u00e9tico, costuras al tono, suela en sint\u00e9tico \u00faltracomoda con dise\u00f1o altura del 3.5 cms.<br \/>\nnspirado en la elegancia y exclusividad de los mejores paisajes parisinos, Nuestro sneakers Paris es un tipo de zapato para la mujer exigente, que ama la comodidad y que quiere estar comoda 24\/7.<br \/>\nProducto fabricado en Colombia de excelente calidad tipo exportaci\u00f3n, dise\u00f1o y confort.<\/p>","protected":false},"featured_media":4314,"comment_status":"open","ping_status":"closed","template":"","meta":{"site-sidebar-layout":"default","site-content-layout":"","ast-site-content-layout":"","site-content-style":"default","site-sidebar-style":"default","ast-global-header-display":"","ast-banner-title-visibility":"","ast-main-header-display":"","ast-hfb-above-header-display":"","ast-hfb-below-header-display":"","ast-hfb-mobile-header-display":"","site-post-title":"","ast-breadcrumbs-content":"","ast-featured-img":"","footer-sml-layout":"","theme-transparent-header-meta":"","adv-header-id-meta":"","stick-header-meta":"","header-above-stick-meta":"","header-main-stick-meta":"","header-below-stick-meta":"","astra-migrate-meta-layouts":"default","ast-page-background-enabled":"default","ast-page-background-meta":{"desktop":{"background-color":"var(--ast-global-color-5)","background-image":"","background-repeat":"repeat","background-position":"center center","background-size":"auto","background-attachment":"scroll","background-type":"","background-media":"","overlay-type":"","overlay-color":"","overlay-opacity":"","overlay-gradient":""},"tablet":{"background-color":"","background-image":"","background-repeat":"repeat","background-position":"center center","background-size":"auto","background-attachment":"scroll","background-type":"","background-media":"","overlay-type":"","overlay-color":"","overlay-opacity":"","overlay-gradient":""},"mobile":{"background-color":"","background-image":"","background-repeat":"repeat","background-position":"center center","background-size":"auto","background-attachment":"scroll","background-type":"","background-media":"","overlay-type":"","overlay-color":"","overlay-opacity":"","overlay-gradient":""}},"ast-content-background-meta":{"desktop":{"background-color":"var(--ast-global-color-4)","background-image":"","background-repeat":"repeat","background-position":"center center","background-size":"auto","background-attachment":"scroll","background-type":"","background-media":"","overlay-type":"","overlay-color":"","overlay-opacity":"","overlay-gradient":""},"tablet":{"background-color":"var(--ast-global-color-4)","background-image":"","background-repeat":"repeat","background-position":"center center","background-size":"auto","background-attachment":"scroll","background-type":"","background-media":"","overlay-type":"","overlay-color":"","overlay-opacity":"","overlay-gradient":""},"mobile":{"background-color":"var(--ast-global-color-4)","background-image":"","background-repeat":"repeat","background-position":"center center","background-size":"auto","background-attachment":"scroll","background-type":"","background-media":"","overlay-type":"","overlay-color":"","overlay-opacity":"","overlay-gradient":""}}},"product_brand":[],"product_cat":[86,78,114,162,79,125,77],"product_tag":[119,60,81],"class_list":{"0":"post-4295","1":"product","2":"type-product","3":"status-publish","4":"has-post-thumbnail","6":"product_cat-casuales","7":"product_cat-deportivos","8":"product_cat-mujer","9":"product_cat-outlet","10":"product_cat-sneakers","11":"product_cat-tenis","12":"product_cat-zapatos","13":"product_tag-mas-vendido","14":"product_tag-producto-top","15":"product_tag-sneakers","16":"desktop-align-left","17":"tablet-align-left","18":"mobile-align-left","20":"first","21":"instock","22":"sale","23":"featured","24":"shipping-taxable","25":"purchasable","26":"product-type-variable"},"aioseo_notices":[],"_links":{"self":[{"href":"https:\/\/lemonshoes.com.co\/es_co\/wp-json\/wp\/v2\/product\/4295","targetHints":{"allow":["GET"]}}],"collection":[{"href":"https:\/\/lemonshoes.com.co\/es_co\/wp-json\/wp\/v2\/product"}],"about":[{"href":"https:\/\/lemonshoes.com.co\/es_co\/wp-json\/wp\/v2\/types\/product"}],"replies":[{"embeddable":true,"href":"https:\/\/lemonshoes.com.co\/es_co\/wp-json\/wp\/v2\/comments?post=4295"}],"wp:featuredmedia":[{"embeddable":true,"href":"https:\/\/lemonshoes.com.co\/es_co\/wp-json\/wp\/v2\/media\/4314"}],"wp:attachment":[{"href":"https:\/\/lemonshoes.com.co\/es_co\/wp-json\/wp\/v2\/media?parent=4295"}],"wp:term":[{"taxonomy":"product_brand","embeddable":true,"href":"https:\/\/lemonshoes.com.co\/es_co\/wp-json\/wp\/v2\/product_brand?post=4295"},{"taxonomy":"product_cat","embeddable":true,"href":"https:\/\/lemonshoes.com.co\/es_co\/wp-json\/wp\/v2\/product_cat?post=4295"},{"taxonomy":"product_tag","embeddable":true,"href":"https:\/\/lemonshoes.com.co\/es_co\/wp-json\/wp\/v2\/product_tag?post=4295"}],"curies":[{"name":"wp","href":"https:\/\/api.w.org\/{rel}","templated":true}]}}