{"id":4316,"date":"2023-10-06T01:04:33","date_gmt":"2023-10-06T01:04:33","guid":{"rendered":"https:\/\/lemonshoes.com.co\/?post_type=product&#038;p=4316"},"modified":"2025-10-16T17:03:34","modified_gmt":"2025-10-16T22:03:34","slug":"botas-sammia","status":"publish","type":"product","link":"https:\/\/lemonshoes.com.co\/es_co\/product\/botas-sammia\/","title":{"rendered":"Botas Sammia"},"content":{"rendered":"<p>Industria Colombiana<\/p>","protected":false},"excerpt":{"rendered":"<p>Bota Sammia elaborado en sint\u00e9tico de alta calidad, costuras al tono, suela en sint\u00e9tico con dise\u00f1o de altura del 2.5 cms. Detalles de color en laterales y detr\u00e1s del zapato. \u00a0Producto exclusivo Lemon Shoes.<\/p>","protected":false},"featured_media":4343,"comment_status":"open","ping_status":"closed","template":"","meta":{"site-sidebar-layout":"default","site-content-layout":"","ast-site-content-layout":"","site-content-style":"default","site-sidebar-style":"default","ast-global-header-display":"","ast-banner-title-visibility":"","ast-main-header-display":"","ast-hfb-above-header-display":"","ast-hfb-below-header-display":"","ast-hfb-mobile-header-display":"","site-post-title":"","ast-breadcrumbs-content":"","ast-featured-img":"","footer-sml-layout":"","theme-transparent-header-meta":"","adv-header-id-meta":"","stick-header-meta":"","header-above-stick-meta":"","header-main-stick-meta":"","header-below-stick-meta":"","astra-migrate-meta-layouts":"default","ast-page-background-enabled":"default","ast-page-background-meta":{"desktop":{"background-color":"var(--ast-global-color-5)","background-image":"","background-repeat":"repeat","background-position":"center center","background-size":"auto","background-attachment":"scroll","background-type":"","background-media":"","overlay-type":"","overlay-color":"","overlay-opacity":"","overlay-gradient":""},"tablet":{"background-color":"","background-image":"","background-repeat":"repeat","background-position":"center center","background-size":"auto","background-attachment":"scroll","background-type":"","background-media":"","overlay-type":"","overlay-color":"","overlay-opacity":"","overlay-gradient":""},"mobile":{"background-color":"","background-image":"","background-repeat":"repeat","background-position":"center center","background-size":"auto","background-attachment":"scroll","background-type":"","background-media":"","overlay-type":"","overlay-color":"","overlay-opacity":"","overlay-gradient":""}},"ast-content-background-meta":{"desktop":{"background-color":"var(--ast-global-color-4)","background-image":"","background-repeat":"repeat","background-position":"center center","background-size":"auto","background-attachment":"scroll","background-type":"","background-media":"","overlay-type":"","overlay-color":"","overlay-opacity":"","overlay-gradient":""},"tablet":{"background-color":"var(--ast-global-color-4)","background-image":"","background-repeat":"repeat","background-position":"center center","background-size":"auto","background-attachment":"scroll","background-type":"","background-media":"","overlay-type":"","overlay-color":"","overlay-opacity":"","overlay-gradient":""},"mobile":{"background-color":"var(--ast-global-color-4)","background-image":"","background-repeat":"repeat","background-position":"center center","background-size":"auto","background-attachment":"scroll","background-type":"","background-media":"","overlay-type":"","overlay-color":"","overlay-opacity":"","overlay-gradient":""}}},"product_brand":[],"product_cat":[82,114,162,77],"product_tag":[83,129,63],"class_list":{"0":"post-4316","1":"product","2":"type-product","3":"status-publish","4":"has-post-thumbnail","6":"product_cat-botas","7":"product_cat-mujer","8":"product_cat-outlet","9":"product_cat-zapatos","10":"product_tag-botas","11":"product_tag-mujer","12":"product_tag-trendy","13":"desktop-align-left","14":"tablet-align-left","15":"mobile-align-left","17":"first","18":"instock","19":"sale","20":"shipping-taxable","21":"purchasable","22":"product-type-variable"},"aioseo_notices":[],"_links":{"self":[{"href":"https:\/\/lemonshoes.com.co\/es_co\/wp-json\/wp\/v2\/product\/4316","targetHints":{"allow":["GET"]}}],"collection":[{"href":"https:\/\/lemonshoes.com.co\/es_co\/wp-json\/wp\/v2\/product"}],"about":[{"href":"https:\/\/lemonshoes.com.co\/es_co\/wp-json\/wp\/v2\/types\/product"}],"replies":[{"embeddable":true,"href":"https:\/\/lemonshoes.com.co\/es_co\/wp-json\/wp\/v2\/comments?post=4316"}],"wp:featuredmedia":[{"embeddable":true,"href":"https:\/\/lemonshoes.com.co\/es_co\/wp-json\/wp\/v2\/media\/4343"}],"wp:attachment":[{"href":"https:\/\/lemonshoes.com.co\/es_co\/wp-json\/wp\/v2\/media?parent=4316"}],"wp:term":[{"taxonomy":"product_brand","embeddable":true,"href":"https:\/\/lemonshoes.com.co\/es_co\/wp-json\/wp\/v2\/product_brand?post=4316"},{"taxonomy":"product_cat","embeddable":true,"href":"https:\/\/lemonshoes.com.co\/es_co\/wp-json\/wp\/v2\/product_cat?post=4316"},{"taxonomy":"product_tag","embeddable":true,"href":"https:\/\/lemonshoes.com.co\/es_co\/wp-json\/wp\/v2\/product_tag?post=4316"}],"curies":[{"name":"wp","href":"https:\/\/api.w.org\/{rel}","templated":true}]}}