{"id":4361,"date":"2023-10-06T02:17:35","date_gmt":"2023-10-06T02:17:35","guid":{"rendered":"https:\/\/lemonshoes.com.co\/?post_type=product&#038;p=4361"},"modified":"2026-03-07T13:09:15","modified_gmt":"2026-03-07T18:09:15","slug":"sandalias-playera-arena","status":"publish","type":"product","link":"https:\/\/lemonshoes.com.co\/es_co\/product\/sandalias-playera-arena\/","title":{"rendered":"Sandalias Playera Arena"},"content":{"rendered":"<p>Industria colombiana.<\/p>","protected":false},"excerpt":{"rendered":"<p>Arena es una sandalia ultra suave y muy c\u00f3moda, quer\u00edas usarlas todo el d\u00eda. Se ajusta a tu caminar de manera perfecta. Est\u00e1n elaboradas en suela eva ultra confort para brindarte un mayor descanso.<\/p>\n<p>Disponibles en colores azul cielo, amarillo, verde agua y rosado.<\/p>","protected":false},"featured_media":4393,"comment_status":"open","ping_status":"closed","template":"","meta":{"site-sidebar-layout":"default","site-content-layout":"","ast-site-content-layout":"","site-content-style":"default","site-sidebar-style":"default","ast-global-header-display":"","ast-banner-title-visibility":"","ast-main-header-display":"","ast-hfb-above-header-display":"","ast-hfb-below-header-display":"","ast-hfb-mobile-header-display":"","site-post-title":"","ast-breadcrumbs-content":"","ast-featured-img":"","footer-sml-layout":"","theme-transparent-header-meta":"","adv-header-id-meta":"","stick-header-meta":"","header-above-stick-meta":"","header-main-stick-meta":"","header-below-stick-meta":"","astra-migrate-meta-layouts":"default","ast-page-background-enabled":"default","ast-page-background-meta":{"desktop":{"background-color":"var(--ast-global-color-5)","background-image":"","background-repeat":"repeat","background-position":"center center","background-size":"auto","background-attachment":"scroll","background-type":"","background-media":"","overlay-type":"","overlay-color":"","overlay-opacity":"","overlay-gradient":""},"tablet":{"background-color":"","background-image":"","background-repeat":"repeat","background-position":"center center","background-size":"auto","background-attachment":"scroll","background-type":"","background-media":"","overlay-type":"","overlay-color":"","overlay-opacity":"","overlay-gradient":""},"mobile":{"background-color":"","background-image":"","background-repeat":"repeat","background-position":"center center","background-size":"auto","background-attachment":"scroll","background-type":"","background-media":"","overlay-type":"","overlay-color":"","overlay-opacity":"","overlay-gradient":""}},"ast-content-background-meta":{"desktop":{"background-color":"var(--ast-global-color-4)","background-image":"","background-repeat":"repeat","background-position":"center center","background-size":"auto","background-attachment":"scroll","background-type":"","background-media":"","overlay-type":"","overlay-color":"","overlay-opacity":"","overlay-gradient":""},"tablet":{"background-color":"var(--ast-global-color-4)","background-image":"","background-repeat":"repeat","background-position":"center center","background-size":"auto","background-attachment":"scroll","background-type":"","background-media":"","overlay-type":"","overlay-color":"","overlay-opacity":"","overlay-gradient":""},"mobile":{"background-color":"var(--ast-global-color-4)","background-image":"","background-repeat":"repeat","background-position":"center center","background-size":"auto","background-attachment":"scroll","background-type":"","background-media":"","overlay-type":"","overlay-color":"","overlay-opacity":"","overlay-gradient":""}}},"product_brand":[],"product_cat":[114,162,55,136,50],"product_tag":[76,139,138,137],"class_list":{"0":"post-4361","1":"product","2":"type-product","3":"status-publish","4":"has-post-thumbnail","6":"product_cat-mujer","7":"product_cat-outlet","8":"product_cat-planas","9":"product_cat-playeras","10":"product_cat-sandalias","11":"product_tag-comodas","12":"product_tag-confort","13":"product_tag-eva","14":"product_tag-playeras","15":"desktop-align-left","16":"tablet-align-left","17":"mobile-align-left","19":"first","20":"instock","21":"sale","22":"shipping-taxable","23":"purchasable","24":"product-type-variable"},"aioseo_notices":[],"_links":{"self":[{"href":"https:\/\/lemonshoes.com.co\/es_co\/wp-json\/wp\/v2\/product\/4361","targetHints":{"allow":["GET"]}}],"collection":[{"href":"https:\/\/lemonshoes.com.co\/es_co\/wp-json\/wp\/v2\/product"}],"about":[{"href":"https:\/\/lemonshoes.com.co\/es_co\/wp-json\/wp\/v2\/types\/product"}],"replies":[{"embeddable":true,"href":"https:\/\/lemonshoes.com.co\/es_co\/wp-json\/wp\/v2\/comments?post=4361"}],"wp:featuredmedia":[{"embeddable":true,"href":"https:\/\/lemonshoes.com.co\/es_co\/wp-json\/wp\/v2\/media\/4393"}],"wp:attachment":[{"href":"https:\/\/lemonshoes.com.co\/es_co\/wp-json\/wp\/v2\/media?parent=4361"}],"wp:term":[{"taxonomy":"product_brand","embeddable":true,"href":"https:\/\/lemonshoes.com.co\/es_co\/wp-json\/wp\/v2\/product_brand?post=4361"},{"taxonomy":"product_cat","embeddable":true,"href":"https:\/\/lemonshoes.com.co\/es_co\/wp-json\/wp\/v2\/product_cat?post=4361"},{"taxonomy":"product_tag","embeddable":true,"href":"https:\/\/lemonshoes.com.co\/es_co\/wp-json\/wp\/v2\/product_tag?post=4361"}],"curies":[{"name":"wp","href":"https:\/\/api.w.org\/{rel}","templated":true}]}}