{"id":6735,"date":"2024-07-11T12:30:54","date_gmt":"2024-07-11T17:30:54","guid":{"rendered":"https:\/\/lemonshoes.com.co\/?post_type=product&#038;p=6735"},"modified":"2025-08-12T11:05:24","modified_gmt":"2025-08-12T16:05:24","slug":"sandalia-playera-hugo-boss","status":"publish","type":"product","link":"https:\/\/lemonshoes.com.co\/es_co\/product\/sandalia-playera-hugo-boss\/","title":{"rendered":"Sandalia Playera Hugo Boss"},"content":{"rendered":"<p>Hecho en Colombia ??<\/p>","protected":false},"excerpt":{"rendered":"<p>Sandalia Playera para Mujer\/Hombre Hugo Boss ultra suave y muy c\u00f3moda, quer\u00edas usarlas todo el d\u00eda. Se ajusta a tu caminar de manera perfecta. Est\u00e1n elaboradas en suela eva ultra confort para brindarte un mayor descanso.<\/p>\n<p>Disponibles en variedad de colores ?<\/p>\n<p><strong>Suela EVA<\/strong> para m\u00e1xima comodidad.<\/p>","protected":false},"featured_media":6737,"comment_status":"open","ping_status":"closed","template":"","meta":{"site-sidebar-layout":"default","site-content-layout":"","ast-site-content-layout":"","site-content-style":"default","site-sidebar-style":"default","ast-global-header-display":"","ast-banner-title-visibility":"","ast-main-header-display":"","ast-hfb-above-header-display":"","ast-hfb-below-header-display":"","ast-hfb-mobile-header-display":"","site-post-title":"","ast-breadcrumbs-content":"","ast-featured-img":"","footer-sml-layout":"","theme-transparent-header-meta":"","adv-header-id-meta":"","stick-header-meta":"","header-above-stick-meta":"","header-main-stick-meta":"","header-below-stick-meta":"","astra-migrate-meta-layouts":"default","ast-page-background-enabled":"default","ast-page-background-meta":{"desktop":{"background-color":"var(--ast-global-color-5)","background-image":"","background-repeat":"repeat","background-position":"center center","background-size":"auto","background-attachment":"scroll","background-type":"","background-media":"","overlay-type":"","overlay-color":"","overlay-opacity":"","overlay-gradient":""},"tablet":{"background-color":"","background-image":"","background-repeat":"repeat","background-position":"center center","background-size":"auto","background-attachment":"scroll","background-type":"","background-media":"","overlay-type":"","overlay-color":"","overlay-opacity":"","overlay-gradient":""},"mobile":{"background-color":"","background-image":"","background-repeat":"repeat","background-position":"center center","background-size":"auto","background-attachment":"scroll","background-type":"","background-media":"","overlay-type":"","overlay-color":"","overlay-opacity":"","overlay-gradient":""}},"ast-content-background-meta":{"desktop":{"background-color":"var(--ast-global-color-4)","background-image":"","background-repeat":"repeat","background-position":"center center","background-size":"auto","background-attachment":"scroll","background-type":"","background-media":"","overlay-type":"","overlay-color":"","overlay-opacity":"","overlay-gradient":""},"tablet":{"background-color":"var(--ast-global-color-4)","background-image":"","background-repeat":"repeat","background-position":"center center","background-size":"auto","background-attachment":"scroll","background-type":"","background-media":"","overlay-type":"","overlay-color":"","overlay-opacity":"","overlay-gradient":""},"mobile":{"background-color":"var(--ast-global-color-4)","background-image":"","background-repeat":"repeat","background-position":"center center","background-size":"auto","background-attachment":"scroll","background-type":"","background-media":"","overlay-type":"","overlay-color":"","overlay-opacity":"","overlay-gradient":""}}},"product_brand":[],"product_cat":[114,162,136,50],"product_tag":[170,94,137,53],"class_list":{"0":"post-6735","1":"product","2":"type-product","3":"status-publish","4":"has-post-thumbnail","6":"product_cat-mujer","7":"product_cat-outlet","8":"product_cat-playeras","9":"product_cat-sandalias","10":"product_tag-hugo-boss","11":"product_tag-mas-vendidos","12":"product_tag-playeras","13":"product_tag-sandalias","14":"desktop-align-left","15":"tablet-align-left","16":"mobile-align-left","18":"first","19":"instock","20":"sale","21":"shipping-taxable","22":"purchasable","23":"product-type-variable"},"aioseo_notices":[],"_links":{"self":[{"href":"https:\/\/lemonshoes.com.co\/es_co\/wp-json\/wp\/v2\/product\/6735","targetHints":{"allow":["GET"]}}],"collection":[{"href":"https:\/\/lemonshoes.com.co\/es_co\/wp-json\/wp\/v2\/product"}],"about":[{"href":"https:\/\/lemonshoes.com.co\/es_co\/wp-json\/wp\/v2\/types\/product"}],"replies":[{"embeddable":true,"href":"https:\/\/lemonshoes.com.co\/es_co\/wp-json\/wp\/v2\/comments?post=6735"}],"wp:featuredmedia":[{"embeddable":true,"href":"https:\/\/lemonshoes.com.co\/es_co\/wp-json\/wp\/v2\/media\/6737"}],"wp:attachment":[{"href":"https:\/\/lemonshoes.com.co\/es_co\/wp-json\/wp\/v2\/media?parent=6735"}],"wp:term":[{"taxonomy":"product_brand","embeddable":true,"href":"https:\/\/lemonshoes.com.co\/es_co\/wp-json\/wp\/v2\/product_brand?post=6735"},{"taxonomy":"product_cat","embeddable":true,"href":"https:\/\/lemonshoes.com.co\/es_co\/wp-json\/wp\/v2\/product_cat?post=6735"},{"taxonomy":"product_tag","embeddable":true,"href":"https:\/\/lemonshoes.com.co\/es_co\/wp-json\/wp\/v2\/product_tag?post=6735"}],"curies":[{"name":"wp","href":"https:\/\/api.w.org\/{rel}","templated":true}]}}