{"id":7034,"date":"2024-11-04T10:40:57","date_gmt":"2024-11-04T15:40:57","guid":{"rendered":"https:\/\/lemonshoes.com.co\/?post_type=product&#038;p=7034"},"modified":"2026-01-30T02:17:13","modified_gmt":"2026-01-30T07:17:13","slug":"morral-para-mujer-elegance","status":"publish","type":"product","link":"https:\/\/lemonshoes.com.co\/es_co\/product\/morral-para-mujer-elegance\/","title":{"rendered":"Morral para mujer Elegance"},"content":{"rendered":"<p>Hecho con amor en Colombia.<\/p>","protected":false},"excerpt":{"rendered":"<p>Dale un toque de sofisticaci\u00f3n y versatilidad a tus d\u00edas con el <b>nuestro morral<\/b>\u00a0de Lemon Shoes, dise\u00f1ado para mujeres que buscan estilo y funcionalidad en cada detalle. Este morral combina practicidad y dise\u00f1o, ideal para cualquier ocasi\u00f3n.<\/p>\n<p>\u2728 <strong>Caracter\u00edsticas<\/strong><br \/>\n? <strong>Material sint\u00e9tico<\/strong> de alta calidad para una apariencia elegante y durabilidad.<br \/>\n? <strong>Cierre interno<\/strong> seguro para proteger tus pertenencias.<br \/>\n? <strong>Cierre delantero<\/strong> que a\u00f1ade un toque moderno y f\u00e1cil acceso.<br \/>\n? <strong>Broches magn\u00e9ticos<\/strong> para mayor comodidad y seguridad.<br \/>\n? <strong>Detalles dorados<\/strong> que le dan un toque de lujo.<br \/>\n? <strong>Variedad de colores<\/strong> para adaptarse a tu estilo.<\/p>\n<p>? <strong>Nota<\/strong>: La placa del morral puede variar, asegurando un dise\u00f1o \u00fanico en cada pieza.<\/p>\n<p>Elige el tuyo y lleva contigo el estilo y la practicidad de Lemon Shoes.<\/p>","protected":false},"featured_media":7035,"comment_status":"open","ping_status":"closed","template":"","meta":{"site-sidebar-layout":"default","site-content-layout":"","ast-site-content-layout":"","site-content-style":"default","site-sidebar-style":"default","ast-global-header-display":"","ast-banner-title-visibility":"","ast-main-header-display":"","ast-hfb-above-header-display":"","ast-hfb-below-header-display":"","ast-hfb-mobile-header-display":"","site-post-title":"","ast-breadcrumbs-content":"","ast-featured-img":"","footer-sml-layout":"","theme-transparent-header-meta":"","adv-header-id-meta":"","stick-header-meta":"","header-above-stick-meta":"","header-main-stick-meta":"","header-below-stick-meta":"","astra-migrate-meta-layouts":"default","ast-page-background-enabled":"default","ast-page-background-meta":{"desktop":{"background-color":"var(--ast-global-color-5)","background-image":"","background-repeat":"repeat","background-position":"center center","background-size":"auto","background-attachment":"scroll","background-type":"","background-media":"","overlay-type":"","overlay-color":"","overlay-opacity":"","overlay-gradient":""},"tablet":{"background-color":"","background-image":"","background-repeat":"repeat","background-position":"center center","background-size":"auto","background-attachment":"scroll","background-type":"","background-media":"","overlay-type":"","overlay-color":"","overlay-opacity":"","overlay-gradient":""},"mobile":{"background-color":"","background-image":"","background-repeat":"repeat","background-position":"center center","background-size":"auto","background-attachment":"scroll","background-type":"","background-media":"","overlay-type":"","overlay-color":"","overlay-opacity":"","overlay-gradient":""}},"ast-content-background-meta":{"desktop":{"background-color":"var(--ast-global-color-4)","background-image":"","background-repeat":"repeat","background-position":"center center","background-size":"auto","background-attachment":"scroll","background-type":"","background-media":"","overlay-type":"","overlay-color":"","overlay-opacity":"","overlay-gradient":""},"tablet":{"background-color":"var(--ast-global-color-4)","background-image":"","background-repeat":"repeat","background-position":"center center","background-size":"auto","background-attachment":"scroll","background-type":"","background-media":"","overlay-type":"","overlay-color":"","overlay-opacity":"","overlay-gradient":""},"mobile":{"background-color":"var(--ast-global-color-4)","background-image":"","background-repeat":"repeat","background-position":"center center","background-size":"auto","background-attachment":"scroll","background-type":"","background-media":"","overlay-type":"","overlay-color":"","overlay-opacity":"","overlay-gradient":""}}},"product_brand":[],"product_cat":[172,173,114],"product_tag":[],"class_list":{"0":"post-7034","1":"product","2":"type-product","3":"status-publish","4":"has-post-thumbnail","6":"product_cat-accesorios","7":"product_cat-bolsos","8":"product_cat-mujer","9":"desktop-align-left","10":"tablet-align-left","11":"mobile-align-left","13":"first","14":"instock","15":"sale","16":"shipping-taxable","17":"purchasable","18":"product-type-variable"},"aioseo_notices":[],"_links":{"self":[{"href":"https:\/\/lemonshoes.com.co\/es_co\/wp-json\/wp\/v2\/product\/7034","targetHints":{"allow":["GET"]}}],"collection":[{"href":"https:\/\/lemonshoes.com.co\/es_co\/wp-json\/wp\/v2\/product"}],"about":[{"href":"https:\/\/lemonshoes.com.co\/es_co\/wp-json\/wp\/v2\/types\/product"}],"replies":[{"embeddable":true,"href":"https:\/\/lemonshoes.com.co\/es_co\/wp-json\/wp\/v2\/comments?post=7034"}],"wp:featuredmedia":[{"embeddable":true,"href":"https:\/\/lemonshoes.com.co\/es_co\/wp-json\/wp\/v2\/media\/7035"}],"wp:attachment":[{"href":"https:\/\/lemonshoes.com.co\/es_co\/wp-json\/wp\/v2\/media?parent=7034"}],"wp:term":[{"taxonomy":"product_brand","embeddable":true,"href":"https:\/\/lemonshoes.com.co\/es_co\/wp-json\/wp\/v2\/product_brand?post=7034"},{"taxonomy":"product_cat","embeddable":true,"href":"https:\/\/lemonshoes.com.co\/es_co\/wp-json\/wp\/v2\/product_cat?post=7034"},{"taxonomy":"product_tag","embeddable":true,"href":"https:\/\/lemonshoes.com.co\/es_co\/wp-json\/wp\/v2\/product_tag?post=7034"}],"curies":[{"name":"wp","href":"https:\/\/api.w.org\/{rel}","templated":true}]}}